{"id":174,"date":"2021-06-05T19:05:32","date_gmt":"2021-06-05T19:05:32","guid":{"rendered":"https:\/\/www.zak-construct.be\/?page_id=174"},"modified":"2021-07-24T14:57:07","modified_gmt":"2021-07-24T14:57:07","slug":"mortier-ou-fibreux-projete-resistant-au-feu","status":"publish","type":"page","link":"https:\/\/www.zak-construct.be\/nl\/mortier-ou-fibreux-projete-resistant-au-feu\/","title":{"rendered":"Gespoten mortel of vezelachtige projectie"},"content":{"rendered":"<p>[et_pb_section fb_built=\u00a0\u00bb1&Prime; admin_label=\u00a0\u00bbHero\u00a0\u00bb _builder_version=\u00a0\u00bb4.9.4&Prime; use_background_color_gradient=\u00a0\u00bbon\u00a0\u00bb background_color_gradient_start=\u00a0\u00bbrgba(40,40,40,0.79)\u00a0\u00bb background_color_gradient_end=\u00a0\u00bbrgba(40,40,40,0.86)\u00a0\u00bb background_color_gradient_type=\u00a0\u00bbradial\u00a0\u00bb background_color_gradient_direction_radial=\u00a0\u00bbtop left\u00a0\u00bb background_color_gradient_overlays_image=\u00a0\u00bbon\u00a0\u00bb background_image=\u00a0\u00bbhttps:\/\/www.zak-construct.be\/wp-content\/uploads\/2021\/07\/Projection.jpeg\u00a0\u00bb custom_margin=\u00a0\u00bb||||false\u00a0\u00bb custom_padding=\u00a0\u00bb10vw||10vw||true|false\u00a0\u00bb][et_pb_row column_structure=\u00a0\u00bb2_3,1_3&Prime; _builder_version=\u00a0\u00bb4.9.4&Prime;][et_pb_column type=\u00a0\u00bb2_3&Prime; _builder_version=\u00a0\u00bb4.9.4&Prime; custom_padding=\u00a0\u00bb|||\u00a0\u00bb custom_padding__hover=\u00a0\u00bb|||\u00a0\u00bb][et_pb_text _builder_version=\u00a0\u00bb4.9.4&Prime; text_font=\u00a0\u00bb||||||||\u00a0\u00bb header_font=\u00a0\u00bbRubik|700|||||||\u00a0\u00bb header_font_size=\u00a0\u00bb64px\u00a0\u00bb header_line_height=\u00a0\u00bb1.1em\u00a0\u00bb background_layout=\u00a0\u00bbdark\u00a0\u00bb max_width=\u00a0\u00bb800px\u00a0\u00bb custom_margin=\u00a0\u00bb||0px|\u00a0\u00bb custom_padding=\u00a0\u00bb|||16px\u00a0\u00bb text_font_size_tablet=\u00a0\u00bb14px\u00a0\u00bb text_font_size_last_edited=\u00a0\u00bboff|desktop\u00a0\u00bb header_font_size_tablet=\u00a0\u00bb44px\u00a0\u00bb header_font_size_phone=\u00a0\u00bb32px\u00a0\u00bb header_font_size_last_edited=\u00a0\u00bbon|phone\u00a0\u00bb border_color_all=\u00a0\u00bb#c92420&Prime; border_width_left=\u00a0\u00bb10px\u00a0\u00bb]<\/p>\n<h1>Gespoten mortel of vezelachtige projectie<\/h1>\n<p>[\/et_pb_text][et_pb_text _builder_version=\u00a0\u00bb3.27.4&Prime; text_font=\u00a0\u00bb||||||||\u00a0\u00bb text_font_size=\u00a0\u00bb22px\u00a0\u00bb text_line_height=\u00a0\u00bb1.6em\u00a0\u00bb header_font=\u00a0\u00bb||||||||\u00a0\u00bb background_layout=\u00a0\u00bbdark\u00a0\u00bb max_width=\u00a0\u00bb800px\u00a0\u00bb custom_margin=\u00a0\u00bb|||\u00a0\u00bb custom_padding=\u00a0\u00bb20px||20px||true\u00a0\u00bb text_font_size_tablet=\u00a0\u00bb18px\u00a0\u00bb text_font_size_phone=\u00a0\u00bb\u00a0\u00bb text_font_size_last_edited=\u00a0\u00bbon|phone\u00a0\u00bb]<\/p>\n<p>Over het algemeen gebruikt voor de bescherming van staal- en betonconstructies.<\/p>\n<p>[\/et_pb_text][\/et_pb_column][et_pb_column type=\u00a0\u00bb1_3&Prime; _builder_version=\u00a0\u00bb3.25&Prime; custom_padding=\u00a0\u00bb|||\u00a0\u00bb custom_padding__hover=\u00a0\u00bb|||\u00a0\u00bb][\/et_pb_column][\/et_pb_row][\/et_pb_section][et_pb_section fb_built=\u00a0\u00bb1&Prime; admin_label=\u00a0\u00bbProject Details\u00a0\u00bb _builder_version=\u00a0\u00bb3.22&Prime; custom_padding=\u00a0\u00bb90px||90px||true\u00a0\u00bb][et_pb_row column_structure=\u00a0\u00bb1_2,1_2&Prime; _builder_version=\u00a0\u00bb4.9.4&Prime;][et_pb_column type=\u00a0\u00bb1_2&Prime; _builder_version=\u00a0\u00bb4.9.4&Prime; custom_padding=\u00a0\u00bb|||\u00a0\u00bb custom_padding__hover=\u00a0\u00bb|||\u00a0\u00bb][et_pb_divider divider_position=\u00a0\u00bbcenter\u00a0\u00bb divider_weight=\u00a0\u00bb5px\u00a0\u00bb _builder_version=\u00a0\u00bb4.9.4&Prime; max_width=\u00a0\u00bb50px\u00a0\u00bb locked=\u00a0\u00bboff\u00a0\u00bb][\/et_pb_divider][et_pb_text _builder_version=\u00a0\u00bb4.9.4&Prime; text_font=\u00a0\u00bb||||||||\u00a0\u00bb text_font_size=\u00a0\u00bb15px\u00a0\u00bb text_line_height=\u00a0\u00bb1.8em\u00a0\u00bb custom_padding=\u00a0\u00bb|||\u00a0\u00bb custom_padding_tablet=\u00a0\u00bb|40px||40px||true\u00a0\u00bb custom_padding_last_edited=\u00a0\u00bboff|desktop\u00a0\u00bb locked=\u00a0\u00bboff\u00a0\u00bb]<\/p>\n<p><span>Brandwerende spuitmortels worden vaak gebruikt om staal- en betonconstructies te beschermen tegen brand. Een brandwerende spuitmortel is een poeder dat machinaal wordt vermengd met water, waardoor er een verpompbaar en verspuitbaar mengsel ontstaat, dat snel kan worden aangebracht, zelfs op constructies met een complexe geometrie.<\/span><\/p>\n<ul><\/ul>\n<p>[\/et_pb_text][\/et_pb_column][et_pb_column type=\u00a0\u00bb1_2&Prime; _builder_version=\u00a0\u00bb4.9.4&Prime; custom_padding=\u00a0\u00bb|||\u00a0\u00bb custom_padding__hover=\u00a0\u00bb|||\u00a0\u00bb][et_pb_image src=\u00a0\u00bbhttps:\/\/www.zak-construct.be\/wp-content\/uploads\/2021\/06\/Mortier1.png\u00a0\u00bb title_text=\u00a0\u00bbMortier1&Prime; force_fullwidth=\u00a0\u00bbon\u00a0\u00bb align_tablet=\u00a0\u00bbcenter\u00a0\u00bb align_phone=\u00a0\u00bb\u00a0\u00bb align_last_edited=\u00a0\u00bbon|desktop\u00a0\u00bb _builder_version=\u00a0\u00bb4.9.4&Prime; locked=\u00a0\u00bboff\u00a0\u00bb][\/et_pb_image][\/et_pb_column][\/et_pb_row][et_pb_row column_structure=\u00a0\u00bb1_2,1_2&Prime; _builder_version=\u00a0\u00bb3.25&Prime;][et_pb_column type=\u00a0\u00bb1_2&Prime; _builder_version=\u00a0\u00bb3.25&Prime; custom_padding=\u00a0\u00bb|||\u00a0\u00bb custom_padding__hover=\u00a0\u00bb|||\u00a0\u00bb][et_pb_image src=\u00a0\u00bbhttps:\/\/www.zak-construct.be\/wp-content\/uploads\/2021\/07\/Flocage.jpeg\u00a0\u00bb title_text=\u00a0\u00bbFlocage\u00a0\u00bb align=\u00a0\u00bbcenter\u00a0\u00bb align_tablet=\u00a0\u00bbcenter\u00a0\u00bb align_phone=\u00a0\u00bb\u00a0\u00bb align_last_edited=\u00a0\u00bbon|desktop\u00a0\u00bb _builder_version=\u00a0\u00bb4.9.4&Prime; module_alignment=\u00a0\u00bbcenter\u00a0\u00bb min_height=\u00a0\u00bb566px\u00a0\u00bb max_height=\u00a0\u00bb250px\u00a0\u00bb locked=\u00a0\u00bboff\u00a0\u00bb][\/et_pb_image][\/et_pb_column][et_pb_column type=\u00a0\u00bb1_2&Prime; _builder_version=\u00a0\u00bb3.25&Prime; custom_padding=\u00a0\u00bb|||\u00a0\u00bb custom_padding__hover=\u00a0\u00bb|||\u00a0\u00bb][et_pb_text _builder_version=\u00a0\u00bb3.27.4&Prime; text_font=\u00a0\u00bb||||||||\u00a0\u00bb text_font_size=\u00a0\u00bb15px\u00a0\u00bb text_line_height=\u00a0\u00bb1.8em\u00a0\u00bb custom_padding=\u00a0\u00bb|||\u00a0\u00bb custom_padding_tablet=\u00a0\u00bb|40px||40px||true\u00a0\u00bb custom_padding_last_edited=\u00a0\u00bboff|desktop\u00a0\u00bb locked=\u00a0\u00bboff\u00a0\u00bb]<\/p>\n<p>ZAK-CONSTRUCT maakt gebruik van een vezelachtig product, spuitmortels op basis van gips en cement. Voor elk project hebben we daarom het juiste product, afhankelijk van de vereiste brandwerendheid, werfomstandigheden, installatiesnelheid en duurzaamheidseisen.<\/p>\n<p>De vezelachtige projectie heeft als bijkomend voordeel dat zij superieure akoestische prestaties levert.<span><\/span><\/p>\n<p><span><\/span><\/p>\n<p>[\/et_pb_text][\/et_pb_column][\/et_pb_row][\/et_pb_section]<\/p>","protected":false},"excerpt":{"rendered":"<p>Mortier ou fibreux projet\u00e9 r\u00e9sistant au feuG\u00e9n\u00e9ralement utilis\u00e9 pour la protection de structure en acier et en b\u00e9ton.Les mortiers projet\u00e9s r\u00e9sistants au feu sont souvent utilis\u00e9s pour la protection de structures en acier et en b\u00e9ton. Un mortier projet\u00e9 r\u00e9sistant au feu est un produit m\u00e9lang\u00e9 \u00e0 sec (une poudre), auquel il faut ajouter de [&hellip;]<\/p>","protected":false},"author":1,"featured_media":0,"parent":0,"menu_order":0,"comment_status":"closed","ping_status":"closed","template":"","meta":{"_et_pb_use_builder":"on","_et_pb_old_content":"<!-- wp:divi\/placeholder \/-->","_et_gb_content_width":"","footnotes":""},"class_list":["post-174","page","type-page","status-publish","hentry"],"yoast_head":"<!-- This site is optimized with the Yoast SEO plugin v25.7 - https:\/\/yoast.com\/wordpress\/plugins\/seo\/ -->\n<title>Mortier ou fibreux projet\u00e9 r\u00e9sistant au feu - Zak Construct<\/title>\n<meta name=\"robots\" content=\"index, follow, max-snippet:-1, max-image-preview:large, max-video-preview:-1\" \/>\n<link rel=\"canonical\" href=\"https:\/\/www.zak-construct.be\/nl\/mortier-ou-fibreux-projete-resistant-au-feu\/\" \/>\n<meta property=\"og:locale\" content=\"nl_BE\" \/>\n<meta property=\"og:type\" content=\"article\" \/>\n<meta property=\"og:title\" content=\"Mortier ou fibreux projet\u00e9 r\u00e9sistant au feu - Zak Construct\" \/>\n<meta property=\"og:description\" content=\"Mortier ou fibreux projet\u00e9 r\u00e9sistant au feuG\u00e9n\u00e9ralement utilis\u00e9 pour la protection de structure en acier et en b\u00e9ton.Les mortiers projet\u00e9s r\u00e9sistants au feu sont souvent utilis\u00e9s pour la protection de structures en acier et en b\u00e9ton. Un mortier projet\u00e9 r\u00e9sistant au feu est un produit m\u00e9lang\u00e9 \u00e0 sec (une poudre), auquel il faut ajouter de [&hellip;]\" \/>\n<meta property=\"og:url\" content=\"https:\/\/www.zak-construct.be\/nl\/mortier-ou-fibreux-projete-resistant-au-feu\/\" \/>\n<meta property=\"og:site_name\" content=\"Zak Construct\" \/>\n<meta property=\"article:modified_time\" content=\"2021-07-24T14:57:07+00:00\" \/>\n<meta name=\"twitter:card\" content=\"summary_large_image\" \/>\n<script type=\"application\/ld+json\" class=\"yoast-schema-graph\">{\"@context\":\"https:\/\/schema.org\",\"@graph\":[{\"@type\":\"WebPage\",\"@id\":\"https:\/\/www.zak-construct.be\/mortier-ou-fibreux-projete-resistant-au-feu\/\",\"url\":\"https:\/\/www.zak-construct.be\/mortier-ou-fibreux-projete-resistant-au-feu\/\",\"name\":\"Mortier ou fibreux projet\u00e9 r\u00e9sistant au feu - Zak Construct\",\"isPartOf\":{\"@id\":\"https:\/\/www.zak-construct.be\/#website\"},\"datePublished\":\"2021-06-05T19:05:32+00:00\",\"dateModified\":\"2021-07-24T14:57:07+00:00\",\"breadcrumb\":{\"@id\":\"https:\/\/www.zak-construct.be\/mortier-ou-fibreux-projete-resistant-au-feu\/#breadcrumb\"},\"inLanguage\":\"nl-BE\",\"potentialAction\":[{\"@type\":\"ReadAction\",\"target\":[\"https:\/\/www.zak-construct.be\/mortier-ou-fibreux-projete-resistant-au-feu\/\"]}]},{\"@type\":\"BreadcrumbList\",\"@id\":\"https:\/\/www.zak-construct.be\/mortier-ou-fibreux-projete-resistant-au-feu\/#breadcrumb\",\"itemListElement\":[{\"@type\":\"ListItem\",\"position\":1,\"name\":\"Accueil\",\"item\":\"https:\/\/www.zak-construct.be\/\"},{\"@type\":\"ListItem\",\"position\":2,\"name\":\"Mortier ou fibreux projet\u00e9 r\u00e9sistant au feu\"}]},{\"@type\":\"WebSite\",\"@id\":\"https:\/\/www.zak-construct.be\/#website\",\"url\":\"https:\/\/www.zak-construct.be\/\",\"name\":\"Zak Construct\",\"description\":\"\",\"potentialAction\":[{\"@type\":\"SearchAction\",\"target\":{\"@type\":\"EntryPoint\",\"urlTemplate\":\"https:\/\/www.zak-construct.be\/?s={search_term_string}\"},\"query-input\":{\"@type\":\"PropertyValueSpecification\",\"valueRequired\":true,\"valueName\":\"search_term_string\"}}],\"inLanguage\":\"nl-BE\"}]}<\/script>\n<!-- \/ Yoast SEO plugin. -->","yoast_head_json":{"title":"Mortier ou fibreux projet\u00e9 r\u00e9sistant au feu - Zak Construct","robots":{"index":"index","follow":"follow","max-snippet":"max-snippet:-1","max-image-preview":"max-image-preview:large","max-video-preview":"max-video-preview:-1"},"canonical":"https:\/\/www.zak-construct.be\/nl\/mortier-ou-fibreux-projete-resistant-au-feu\/","og_locale":"nl_BE","og_type":"article","og_title":"Mortier ou fibreux projet\u00e9 r\u00e9sistant au feu - Zak Construct","og_description":"Mortier ou fibreux projet\u00e9 r\u00e9sistant au feuG\u00e9n\u00e9ralement utilis\u00e9 pour la protection de structure en acier et en b\u00e9ton.Les mortiers projet\u00e9s r\u00e9sistants au feu sont souvent utilis\u00e9s pour la protection de structures en acier et en b\u00e9ton. Un mortier projet\u00e9 r\u00e9sistant au feu est un produit m\u00e9lang\u00e9 \u00e0 sec (une poudre), auquel il faut ajouter de [&hellip;]","og_url":"https:\/\/www.zak-construct.be\/nl\/mortier-ou-fibreux-projete-resistant-au-feu\/","og_site_name":"Zak Construct","article_modified_time":"2021-07-24T14:57:07+00:00","twitter_card":"summary_large_image","schema":{"@context":"https:\/\/schema.org","@graph":[{"@type":"WebPage","@id":"https:\/\/www.zak-construct.be\/mortier-ou-fibreux-projete-resistant-au-feu\/","url":"https:\/\/www.zak-construct.be\/mortier-ou-fibreux-projete-resistant-au-feu\/","name":"Mortier ou fibreux projet\u00e9 r\u00e9sistant au feu - Zak Construct","isPartOf":{"@id":"https:\/\/www.zak-construct.be\/#website"},"datePublished":"2021-06-05T19:05:32+00:00","dateModified":"2021-07-24T14:57:07+00:00","breadcrumb":{"@id":"https:\/\/www.zak-construct.be\/mortier-ou-fibreux-projete-resistant-au-feu\/#breadcrumb"},"inLanguage":"nl-BE","potentialAction":[{"@type":"ReadAction","target":["https:\/\/www.zak-construct.be\/mortier-ou-fibreux-projete-resistant-au-feu\/"]}]},{"@type":"BreadcrumbList","@id":"https:\/\/www.zak-construct.be\/mortier-ou-fibreux-projete-resistant-au-feu\/#breadcrumb","itemListElement":[{"@type":"ListItem","position":1,"name":"Accueil","item":"https:\/\/www.zak-construct.be\/"},{"@type":"ListItem","position":2,"name":"Mortier ou fibreux projet\u00e9 r\u00e9sistant au feu"}]},{"@type":"WebSite","@id":"https:\/\/www.zak-construct.be\/#website","url":"https:\/\/www.zak-construct.be\/","name":"Zak Construct","description":"","potentialAction":[{"@type":"SearchAction","target":{"@type":"EntryPoint","urlTemplate":"https:\/\/www.zak-construct.be\/?s={search_term_string}"},"query-input":{"@type":"PropertyValueSpecification","valueRequired":true,"valueName":"search_term_string"}}],"inLanguage":"nl-BE"}]}},"_links":{"self":[{"href":"https:\/\/www.zak-construct.be\/nl\/wp-json\/wp\/v2\/pages\/174","targetHints":{"allow":["GET"]}}],"collection":[{"href":"https:\/\/www.zak-construct.be\/nl\/wp-json\/wp\/v2\/pages"}],"about":[{"href":"https:\/\/www.zak-construct.be\/nl\/wp-json\/wp\/v2\/types\/page"}],"author":[{"embeddable":true,"href":"https:\/\/www.zak-construct.be\/nl\/wp-json\/wp\/v2\/users\/1"}],"replies":[{"embeddable":true,"href":"https:\/\/www.zak-construct.be\/nl\/wp-json\/wp\/v2\/comments?post=174"}],"version-history":[{"count":0,"href":"https:\/\/www.zak-construct.be\/nl\/wp-json\/wp\/v2\/pages\/174\/revisions"}],"wp:attachment":[{"href":"https:\/\/www.zak-construct.be\/nl\/wp-json\/wp\/v2\/media?parent=174"}],"curies":[{"name":"wp","href":"https:\/\/api.w.org\/{rel}","templated":true}]}}