{"id":178,"date":"2021-06-05T19:06:16","date_gmt":"2021-06-05T19:06:16","guid":{"rendered":"https:\/\/www.zak-construct.be\/?page_id=178"},"modified":"2021-07-11T12:21:04","modified_gmt":"2021-07-11T12:21:04","slug":"fire-stopping-fire-sealing","status":"publish","type":"page","link":"https:\/\/www.zak-construct.be\/nl\/fire-stopping-fire-sealing\/","title":{"rendered":"Fire Stopping &#038; Fire Sealing"},"content":{"rendered":"<p>[et_pb_section fb_built=\u00a0\u00bb1&Prime; admin_label=\u00a0\u00bbHero\u00a0\u00bb _builder_version=\u00a0\u00bb4.9.4&Prime; use_background_color_gradient=\u00a0\u00bbon\u00a0\u00bb background_color_gradient_start=\u00a0\u00bbrgba(40,40,40,0.79)\u00a0\u00bb background_color_gradient_end=\u00a0\u00bbrgba(40,40,40,0.86)\u00a0\u00bb background_color_gradient_type=\u00a0\u00bbradial\u00a0\u00bb background_color_gradient_direction_radial=\u00a0\u00bbtop left\u00a0\u00bb background_color_gradient_overlays_image=\u00a0\u00bbon\u00a0\u00bb background_image=\u00a0\u00bbhttps:\/\/www.zak-construct.be\/wp-content\/uploads\/2021\/07\/Resserage.jpeg\u00a0\u00bb custom_margin=\u00a0\u00bb||||false\u00a0\u00bb custom_padding=\u00a0\u00bb10vw||10vw||true|false\u00a0\u00bb hover_enabled=\u00a0\u00bb0&Prime; title_text=\u00a0\u00bbResserage\u00a0\u00bb sticky_enabled=\u00a0\u00bb0&Prime;][et_pb_row column_structure=\u00a0\u00bb2_3,1_3&Prime; _builder_version=\u00a0\u00bb4.9.4&Prime;][et_pb_column type=\u00a0\u00bb2_3&Prime; _builder_version=\u00a0\u00bb4.9.4&Prime; custom_padding=\u00a0\u00bb|||\u00a0\u00bb custom_padding__hover=\u00a0\u00bb|||\u00a0\u00bb][et_pb_text _builder_version=\u00a0\u00bb4.9.4&Prime; text_font=\u00a0\u00bb||||||||\u00a0\u00bb header_font=\u00a0\u00bbRubik|700|||||||\u00a0\u00bb header_font_size=\u00a0\u00bb64px\u00a0\u00bb header_line_height=\u00a0\u00bb1.1em\u00a0\u00bb background_layout=\u00a0\u00bbdark\u00a0\u00bb max_width=\u00a0\u00bb800px\u00a0\u00bb custom_margin=\u00a0\u00bb||0px|\u00a0\u00bb custom_padding=\u00a0\u00bb|||16px\u00a0\u00bb text_font_size_tablet=\u00a0\u00bb14px\u00a0\u00bb text_font_size_last_edited=\u00a0\u00bboff|desktop\u00a0\u00bb header_font_size_tablet=\u00a0\u00bb44px\u00a0\u00bb header_font_size_phone=\u00a0\u00bb32px\u00a0\u00bb header_font_size_last_edited=\u00a0\u00bbon|phone\u00a0\u00bb border_color_all=\u00a0\u00bb#c92420&Prime; border_width_left=\u00a0\u00bb10px\u00a0\u00bb]<\/p>\n<h1>Fire Stopping &amp; Fire Sealing<\/h1>\n<p>[\/et_pb_text][et_pb_text _builder_version=\u00a0\u00bb4.9.4&Prime; text_font=\u00a0\u00bb||||||||\u00a0\u00bb text_font_size=\u00a0\u00bb22px\u00a0\u00bb text_line_height=\u00a0\u00bb1.6em\u00a0\u00bb header_font=\u00a0\u00bb||||||||\u00a0\u00bb background_layout=\u00a0\u00bbdark\u00a0\u00bb max_width=\u00a0\u00bb800px\u00a0\u00bb custom_margin=\u00a0\u00bb|||\u00a0\u00bb custom_padding=\u00a0\u00bb20px||20px||true\u00a0\u00bb text_font_size_tablet=\u00a0\u00bb18px\u00a0\u00bb text_font_size_phone=\u00a0\u00bb\u00a0\u00bb text_font_size_last_edited=\u00a0\u00bbon|phone\u00a0\u00bb]<\/p>\n<p>Dankzij de obstructie kunnen openingen rond doorvoeringen van brand worden behoed.<\/p>\n<p>[\/et_pb_text][\/et_pb_column][et_pb_column type=\u00a0\u00bb1_3&Prime; _builder_version=\u00a0\u00bb4.9.4&Prime; custom_padding=\u00a0\u00bb|||\u00a0\u00bb custom_padding__hover=\u00a0\u00bb|||\u00a0\u00bb][\/et_pb_column][\/et_pb_row][\/et_pb_section][et_pb_section fb_built=\u00a0\u00bb1&Prime; admin_label=\u00a0\u00bbProject Details\u00a0\u00bb _builder_version=\u00a0\u00bb3.22&Prime; custom_padding=\u00a0\u00bb90px||90px||true\u00a0\u00bb][et_pb_row column_structure=\u00a0\u00bb1_2,1_2&Prime; _builder_version=\u00a0\u00bb4.9.4&Prime;][et_pb_column type=\u00a0\u00bb1_2&Prime; _builder_version=\u00a0\u00bb4.9.4&Prime; custom_padding=\u00a0\u00bb|||\u00a0\u00bb custom_padding__hover=\u00a0\u00bb|||\u00a0\u00bb][et_pb_divider divider_position=\u00a0\u00bbcenter\u00a0\u00bb divider_weight=\u00a0\u00bb5px\u00a0\u00bb _builder_version=\u00a0\u00bb4.9.4&Prime; max_width=\u00a0\u00bb50px\u00a0\u00bb locked=\u00a0\u00bboff\u00a0\u00bb][\/et_pb_divider][et_pb_text _builder_version=\u00a0\u00bb4.9.4&Prime; text_font=\u00a0\u00bb||||||||\u00a0\u00bb text_font_size=\u00a0\u00bb15px\u00a0\u00bb text_line_height=\u00a0\u00bb1.8em\u00a0\u00bb custom_padding=\u00a0\u00bb|||\u00a0\u00bb custom_padding_tablet=\u00a0\u00bb|40px||40px||true\u00a0\u00bb custom_padding_last_edited=\u00a0\u00bboff|desktop\u00a0\u00bb locked=\u00a0\u00bboff\u00a0\u00bb]<\/p>\n<p><span>Om de brandwerende compartimentering van een gebouw te vrijwaren moeten de openingen rond doorvoeringen brandwerend worden afgedicht. Compartimentering zorgt ervoor dat een brand niet (of slechts na een bepaalde tijd) van de ene ruimte naar de andere kan overslaan. ZAK-CONSTRUCT biedt tal van oplossingen om de brandweerstand tot EI 120 van bestaande compartimenten te herstellen in het geval van doorvoeringen.<\/span><\/p>\n<ul><\/ul>\n<p>[\/et_pb_text][\/et_pb_column][et_pb_column type=\u00a0\u00bb1_2&Prime; _builder_version=\u00a0\u00bb4.9.4&Prime; custom_padding=\u00a0\u00bb|||\u00a0\u00bb custom_padding__hover=\u00a0\u00bb|||\u00a0\u00bb][et_pb_image src=\u00a0\u00bbhttps:\/\/www.zak-construct.be\/wp-content\/uploads\/2021\/06\/IMG_0332.png\u00a0\u00bb title_text=\u00a0\u00bbIMG_0332&Prime; force_fullwidth=\u00a0\u00bbon\u00a0\u00bb align_tablet=\u00a0\u00bbcenter\u00a0\u00bb align_phone=\u00a0\u00bb\u00a0\u00bb align_last_edited=\u00a0\u00bbon|desktop\u00a0\u00bb _builder_version=\u00a0\u00bb4.9.4&Prime; locked=\u00a0\u00bboff\u00a0\u00bb][\/et_pb_image][\/et_pb_column][\/et_pb_row][et_pb_row column_structure=\u00a0\u00bb1_2,1_2&Prime; _builder_version=\u00a0\u00bb3.25&Prime;][et_pb_column type=\u00a0\u00bb1_2&Prime; _builder_version=\u00a0\u00bb3.25&Prime; custom_padding=\u00a0\u00bb|||\u00a0\u00bb custom_padding__hover=\u00a0\u00bb|||\u00a0\u00bb][et_pb_image src=\u00a0\u00bbhttps:\/\/www.zak-construct.be\/wp-content\/uploads\/2021\/06\/image2106.png\u00a0\u00bb title_text=\u00a0\u00bbimage2106&Prime; force_fullwidth=\u00a0\u00bbon\u00a0\u00bb align_tablet=\u00a0\u00bbcenter\u00a0\u00bb align_phone=\u00a0\u00bb\u00a0\u00bb align_last_edited=\u00a0\u00bbon|desktop\u00a0\u00bb _builder_version=\u00a0\u00bb4.9.4&Prime; min_height=\u00a0\u00bb250px\u00a0\u00bb max_height=\u00a0\u00bb250px\u00a0\u00bb locked=\u00a0\u00bboff\u00a0\u00bb][\/et_pb_image][\/et_pb_column][et_pb_column type=\u00a0\u00bb1_2&Prime; _builder_version=\u00a0\u00bb3.25&Prime; custom_padding=\u00a0\u00bb|||\u00a0\u00bb custom_padding__hover=\u00a0\u00bb|||\u00a0\u00bb][et_pb_text _builder_version=\u00a0\u00bb3.27.4&Prime; text_font=\u00a0\u00bb||||||||\u00a0\u00bb text_font_size=\u00a0\u00bb15px\u00a0\u00bb text_line_height=\u00a0\u00bb1.8em\u00a0\u00bb custom_padding=\u00a0\u00bb|||\u00a0\u00bb custom_padding_tablet=\u00a0\u00bb|40px||40px||true\u00a0\u00bb custom_padding_last_edited=\u00a0\u00bboff|desktop\u00a0\u00bb locked=\u00a0\u00bboff\u00a0\u00bb]<\/p>\n<p class=\"translation-block\">Bij verhitting schuimt dit materiaal op. Daardoor worden de leidingen waar het materiaal omheen zit dichtgeknepen, zodat het vuur en de rook er niet doorheen kunnen. Zo blijft de brandwerende compartimentering van het gebouw intact.<\/p>\n<p>[\/et_pb_text][\/et_pb_column][\/et_pb_row][\/et_pb_section]<\/p>","protected":false},"excerpt":{"rendered":"<p>Fire Stopping &amp; Fire SealingGr\u00e2ce \u00e0 l&rsquo;obstruction, les ouvertures autour de travers\u00e9es peuvent-\u00eatre pr\u00e9serv\u00e9es du feu.Le compartimentage r\u00e9sistant au feu d&rsquo;un b\u00e2timent peut \u00eatre pr\u00e9serv\u00e9 par l&rsquo;obturation r\u00e9sistante au feu des ouvertures autour de travers\u00e9es. Le compartimentage doit pr\u00e9venir la transmission du feu d&rsquo;un espace \u00e0 un autre pendant un certain temps. ZAK-CONSTRUCT vous offre [&hellip;]<\/p>","protected":false},"author":1,"featured_media":0,"parent":0,"menu_order":0,"comment_status":"closed","ping_status":"closed","template":"","meta":{"_et_pb_use_builder":"on","_et_pb_old_content":"<!-- wp:divi\/placeholder \/-->","_et_gb_content_width":"","footnotes":""},"class_list":["post-178","page","type-page","status-publish","hentry"],"yoast_head":"<!-- This site is optimized with the Yoast SEO plugin v25.7 - https:\/\/yoast.com\/wordpress\/plugins\/seo\/ -->\n<title>Fire Stopping &amp; Fire Sealing - Zak Construct<\/title>\n<meta name=\"robots\" content=\"index, follow, max-snippet:-1, max-image-preview:large, max-video-preview:-1\" \/>\n<link rel=\"canonical\" href=\"https:\/\/www.zak-construct.be\/nl\/fire-stopping-fire-sealing\/\" \/>\n<meta property=\"og:locale\" content=\"nl_BE\" \/>\n<meta property=\"og:type\" content=\"article\" \/>\n<meta property=\"og:title\" content=\"Fire Stopping &amp; Fire Sealing - Zak Construct\" \/>\n<meta property=\"og:description\" content=\"Fire Stopping &amp; Fire SealingGr\u00e2ce \u00e0 l&#039;obstruction, les ouvertures autour de travers\u00e9es peuvent-\u00eatre pr\u00e9serv\u00e9es du feu.Le compartimentage r\u00e9sistant au feu d&#039;un b\u00e2timent peut \u00eatre pr\u00e9serv\u00e9 par l&#039;obturation r\u00e9sistante au feu des ouvertures autour de travers\u00e9es. Le compartimentage doit pr\u00e9venir la transmission du feu d&#039;un espace \u00e0 un autre pendant un certain temps. ZAK-CONSTRUCT vous offre [&hellip;]\" \/>\n<meta property=\"og:url\" content=\"https:\/\/www.zak-construct.be\/nl\/fire-stopping-fire-sealing\/\" \/>\n<meta property=\"og:site_name\" content=\"Zak Construct\" \/>\n<meta property=\"article:modified_time\" content=\"2021-07-11T12:21:04+00:00\" \/>\n<meta name=\"twitter:card\" content=\"summary_large_image\" \/>\n<script type=\"application\/ld+json\" class=\"yoast-schema-graph\">{\"@context\":\"https:\/\/schema.org\",\"@graph\":[{\"@type\":\"WebPage\",\"@id\":\"https:\/\/www.zak-construct.be\/nl\/fire-stopping-fire-sealing\/\",\"url\":\"https:\/\/www.zak-construct.be\/nl\/fire-stopping-fire-sealing\/\",\"name\":\"Fire Stopping & Fire Sealing - Zak Construct\",\"isPartOf\":{\"@id\":\"https:\/\/www.zak-construct.be\/#website\"},\"datePublished\":\"2021-06-05T19:06:16+00:00\",\"dateModified\":\"2021-07-11T12:21:04+00:00\",\"breadcrumb\":{\"@id\":\"https:\/\/www.zak-construct.be\/nl\/fire-stopping-fire-sealing\/#breadcrumb\"},\"inLanguage\":\"nl-BE\",\"potentialAction\":[{\"@type\":\"ReadAction\",\"target\":[\"https:\/\/www.zak-construct.be\/nl\/fire-stopping-fire-sealing\/\"]}]},{\"@type\":\"BreadcrumbList\",\"@id\":\"https:\/\/www.zak-construct.be\/nl\/fire-stopping-fire-sealing\/#breadcrumb\",\"itemListElement\":[{\"@type\":\"ListItem\",\"position\":1,\"name\":\"Accueil\",\"item\":\"https:\/\/www.zak-construct.be\/\"},{\"@type\":\"ListItem\",\"position\":2,\"name\":\"Fire Stopping &#038; Fire Sealing\"}]},{\"@type\":\"WebSite\",\"@id\":\"https:\/\/www.zak-construct.be\/#website\",\"url\":\"https:\/\/www.zak-construct.be\/\",\"name\":\"Zak Construct\",\"description\":\"\",\"potentialAction\":[{\"@type\":\"SearchAction\",\"target\":{\"@type\":\"EntryPoint\",\"urlTemplate\":\"https:\/\/www.zak-construct.be\/?s={search_term_string}\"},\"query-input\":{\"@type\":\"PropertyValueSpecification\",\"valueRequired\":true,\"valueName\":\"search_term_string\"}}],\"inLanguage\":\"nl-BE\"}]}<\/script>\n<!-- \/ Yoast SEO plugin. -->","yoast_head_json":{"title":"Fire Stopping & Fire Sealing - Zak Construct","robots":{"index":"index","follow":"follow","max-snippet":"max-snippet:-1","max-image-preview":"max-image-preview:large","max-video-preview":"max-video-preview:-1"},"canonical":"https:\/\/www.zak-construct.be\/nl\/fire-stopping-fire-sealing\/","og_locale":"nl_BE","og_type":"article","og_title":"Fire Stopping & Fire Sealing - Zak Construct","og_description":"Fire Stopping &amp; Fire SealingGr\u00e2ce \u00e0 l'obstruction, les ouvertures autour de travers\u00e9es peuvent-\u00eatre pr\u00e9serv\u00e9es du feu.Le compartimentage r\u00e9sistant au feu d'un b\u00e2timent peut \u00eatre pr\u00e9serv\u00e9 par l'obturation r\u00e9sistante au feu des ouvertures autour de travers\u00e9es. Le compartimentage doit pr\u00e9venir la transmission du feu d'un espace \u00e0 un autre pendant un certain temps. ZAK-CONSTRUCT vous offre [&hellip;]","og_url":"https:\/\/www.zak-construct.be\/nl\/fire-stopping-fire-sealing\/","og_site_name":"Zak Construct","article_modified_time":"2021-07-11T12:21:04+00:00","twitter_card":"summary_large_image","schema":{"@context":"https:\/\/schema.org","@graph":[{"@type":"WebPage","@id":"https:\/\/www.zak-construct.be\/nl\/fire-stopping-fire-sealing\/","url":"https:\/\/www.zak-construct.be\/nl\/fire-stopping-fire-sealing\/","name":"Fire Stopping & Fire Sealing - Zak Construct","isPartOf":{"@id":"https:\/\/www.zak-construct.be\/#website"},"datePublished":"2021-06-05T19:06:16+00:00","dateModified":"2021-07-11T12:21:04+00:00","breadcrumb":{"@id":"https:\/\/www.zak-construct.be\/nl\/fire-stopping-fire-sealing\/#breadcrumb"},"inLanguage":"nl-BE","potentialAction":[{"@type":"ReadAction","target":["https:\/\/www.zak-construct.be\/nl\/fire-stopping-fire-sealing\/"]}]},{"@type":"BreadcrumbList","@id":"https:\/\/www.zak-construct.be\/nl\/fire-stopping-fire-sealing\/#breadcrumb","itemListElement":[{"@type":"ListItem","position":1,"name":"Accueil","item":"https:\/\/www.zak-construct.be\/"},{"@type":"ListItem","position":2,"name":"Fire Stopping &#038; Fire Sealing"}]},{"@type":"WebSite","@id":"https:\/\/www.zak-construct.be\/#website","url":"https:\/\/www.zak-construct.be\/","name":"Zak Construct","description":"","potentialAction":[{"@type":"SearchAction","target":{"@type":"EntryPoint","urlTemplate":"https:\/\/www.zak-construct.be\/?s={search_term_string}"},"query-input":{"@type":"PropertyValueSpecification","valueRequired":true,"valueName":"search_term_string"}}],"inLanguage":"nl-BE"}]}},"_links":{"self":[{"href":"https:\/\/www.zak-construct.be\/nl\/wp-json\/wp\/v2\/pages\/178","targetHints":{"allow":["GET"]}}],"collection":[{"href":"https:\/\/www.zak-construct.be\/nl\/wp-json\/wp\/v2\/pages"}],"about":[{"href":"https:\/\/www.zak-construct.be\/nl\/wp-json\/wp\/v2\/types\/page"}],"author":[{"embeddable":true,"href":"https:\/\/www.zak-construct.be\/nl\/wp-json\/wp\/v2\/users\/1"}],"replies":[{"embeddable":true,"href":"https:\/\/www.zak-construct.be\/nl\/wp-json\/wp\/v2\/comments?post=178"}],"version-history":[{"count":0,"href":"https:\/\/www.zak-construct.be\/nl\/wp-json\/wp\/v2\/pages\/178\/revisions"}],"wp:attachment":[{"href":"https:\/\/www.zak-construct.be\/nl\/wp-json\/wp\/v2\/media?parent=178"}],"curies":[{"name":"wp","href":"https:\/\/api.w.org\/{rel}","templated":true}]}}