{"id":325,"date":"2021-07-11T12:08:46","date_gmt":"2021-07-11T12:08:46","guid":{"rendered":"https:\/\/www.zak-construct.be\/?page_id=325"},"modified":"2021-07-11T12:15:57","modified_gmt":"2021-07-11T12:15:57","slug":"demolition","status":"publish","type":"page","link":"https:\/\/www.zak-construct.be\/nl\/demolition\/","title":{"rendered":"Afbraakwerken"},"content":{"rendered":"<p>[et_pb_section fb_built=\u00a0\u00bb1&Prime; admin_label=\u00a0\u00bbHero\u00a0\u00bb _builder_version=\u00a0\u00bb3.22&Prime; use_background_color_gradient=\u00a0\u00bbon\u00a0\u00bb background_color_gradient_start=\u00a0\u00bbrgba(40,40,40,0.79)\u00a0\u00bb background_color_gradient_end=\u00a0\u00bbrgba(40,40,40,0.86)\u00a0\u00bb background_color_gradient_type=\u00a0\u00bbradial\u00a0\u00bb background_color_gradient_direction_radial=\u00a0\u00bbtop left\u00a0\u00bb background_color_gradient_overlays_image=\u00a0\u00bbon\u00a0\u00bb background_image=\u00a0\u00bbhttps:\/\/www.zak-construct.be\/wp-content\/uploads\/2021\/06\/construction-29.jpg\u00a0\u00bb custom_margin=\u00a0\u00bb||||false\u00a0\u00bb custom_padding=\u00a0\u00bb10vw||10vw||true|false\u00a0\u00bb][et_pb_row column_structure=\u00a0\u00bb2_3,1_3&Prime; _builder_version=\u00a0\u00bb4.9.4&Prime;][et_pb_column type=\u00a0\u00bb2_3&Prime; _builder_version=\u00a0\u00bb4.9.4&Prime; custom_padding=\u00a0\u00bb|||\u00a0\u00bb custom_padding__hover=\u00a0\u00bb|||\u00a0\u00bb][et_pb_text _builder_version=\u00a0\u00bb4.9.4&Prime; text_font=\u00a0\u00bb||||||||\u00a0\u00bb header_font=\u00a0\u00bbRubik|700|||||||\u00a0\u00bb header_font_size=\u00a0\u00bb64px\u00a0\u00bb header_line_height=\u00a0\u00bb1.1em\u00a0\u00bb background_layout=\u00a0\u00bbdark\u00a0\u00bb max_width=\u00a0\u00bb800px\u00a0\u00bb custom_margin=\u00a0\u00bb||0px|\u00a0\u00bb custom_padding=\u00a0\u00bb|||16px\u00a0\u00bb text_font_size_tablet=\u00a0\u00bb14px\u00a0\u00bb text_font_size_last_edited=\u00a0\u00bboff|desktop\u00a0\u00bb header_font_size_tablet=\u00a0\u00bb44px\u00a0\u00bb header_font_size_phone=\u00a0\u00bb32px\u00a0\u00bb header_font_size_last_edited=\u00a0\u00bbon|phone\u00a0\u00bb border_color_all=\u00a0\u00bb#c92420&Prime; border_width_left=\u00a0\u00bb10px\u00a0\u00bb]<\/p>\n<h1>Afbraakwerken<\/h1>\n<p>[\/et_pb_text][et_pb_text _builder_version=\u00a0\u00bb4.9.4&Prime; text_font=\u00a0\u00bb||||||||\u00a0\u00bb text_font_size=\u00a0\u00bb22px\u00a0\u00bb text_line_height=\u00a0\u00bb1.6em\u00a0\u00bb header_font=\u00a0\u00bb||||||||\u00a0\u00bb background_layout=\u00a0\u00bbdark\u00a0\u00bb max_width=\u00a0\u00bb800px\u00a0\u00bb custom_margin=\u00a0\u00bb|||\u00a0\u00bb custom_padding=\u00a0\u00bb20px||20px||true\u00a0\u00bb text_font_size_tablet=\u00a0\u00bb18px\u00a0\u00bb text_font_size_phone=\u00a0\u00bb\u00a0\u00bb text_font_size_last_edited=\u00a0\u00bbon|phone\u00a0\u00bb]<\/p>\n<p><span>Ontmanteling en afbraakwerken voor nieuwe projecten.<\/span><\/p>\n<p>[\/et_pb_text][\/et_pb_column][et_pb_column type=\u00a0\u00bb1_3&Prime; _builder_version=\u00a0\u00bb4.9.4&Prime; custom_padding=\u00a0\u00bb|||\u00a0\u00bb custom_padding__hover=\u00a0\u00bb|||\u00a0\u00bb][\/et_pb_column][\/et_pb_row][\/et_pb_section][et_pb_section fb_built=\u00a0\u00bb1&Prime; admin_label=\u00a0\u00bbProject Details\u00a0\u00bb _builder_version=\u00a0\u00bb3.22&Prime; custom_padding=\u00a0\u00bb90px||90px||true\u00a0\u00bb][et_pb_row _builder_version=\u00a0\u00bb4.9.4&Prime; _module_preset=\u00a0\u00bbdefault\u00a0\u00bb column_structure=\u00a0\u00bb1_3,1_3,1_3&Prime;][et_pb_column _builder_version=\u00a0\u00bb4.9.4&Prime; _module_preset=\u00a0\u00bbdefault\u00a0\u00bb type=\u00a0\u00bb1_3&Prime;][et_pb_image src=\u00a0\u00bbhttps:\/\/www.zak-construct.be\/wp-content\/uploads\/2021\/07\/a5996f73-3058-4343-8c63-85c3d7ca62e6.jpeg\u00a0\u00bb _builder_version=\u00a0\u00bb4.9.4&Prime; _module_preset=\u00a0\u00bbdefault\u00a0\u00bb title_text=\u00a0\u00bba5996f73-3058-4343-8c63-85c3d7ca62e6&Prime; hover_enabled=\u00a0\u00bb0&Prime; sticky_enabled=\u00a0\u00bb0&Prime;][\/et_pb_image][\/et_pb_column][et_pb_column _builder_version=\u00a0\u00bb4.9.4&Prime; _module_preset=\u00a0\u00bbdefault\u00a0\u00bb type=\u00a0\u00bb1_3&Prime;][et_pb_image src=\u00a0\u00bbhttps:\/\/www.zak-construct.be\/wp-content\/uploads\/2021\/07\/88f80ecc-cbca-449e-8e9d-3690cc1dfd9d.jpeg\u00a0\u00bb _builder_version=\u00a0\u00bb4.9.4&Prime; _module_preset=\u00a0\u00bbdefault\u00a0\u00bb title_text=\u00a0\u00bb88f80ecc-cbca-449e-8e9d-3690cc1dfd9d\u00a0\u00bb hover_enabled=\u00a0\u00bb0&Prime; sticky_enabled=\u00a0\u00bb0&Prime;][\/et_pb_image][\/et_pb_column][et_pb_column _builder_version=\u00a0\u00bb4.9.4&Prime; _module_preset=\u00a0\u00bbdefault\u00a0\u00bb type=\u00a0\u00bb1_3&Prime;][et_pb_image src=\u00a0\u00bbhttps:\/\/www.zak-construct.be\/wp-content\/uploads\/2021\/07\/9ad4a1fd-3771-4e3f-aa87-cc262374f599.jpeg\u00a0\u00bb _builder_version=\u00a0\u00bb4.9.4&Prime; _module_preset=\u00a0\u00bbdefault\u00a0\u00bb title_text=\u00a0\u00bb9ad4a1fd-3771-4e3f-aa87-cc262374f599&Prime; hover_enabled=\u00a0\u00bb0&Prime; sticky_enabled=\u00a0\u00bb0&Prime;][\/et_pb_image][\/et_pb_column][\/et_pb_row][et_pb_row _builder_version=\u00a0\u00bb4.9.4&Prime; _module_preset=\u00a0\u00bbdefault\u00a0\u00bb column_structure=\u00a0\u00bb1_3,1_3,1_3&Prime;][et_pb_column _builder_version=\u00a0\u00bb4.9.4&Prime; _module_preset=\u00a0\u00bbdefault\u00a0\u00bb type=\u00a0\u00bb1_3&Prime;][et_pb_image src=\u00a0\u00bbhttps:\/\/www.zak-construct.be\/wp-content\/uploads\/2021\/07\/8323511f-dfb1-44c4-a1fb-933f097c68b9.jpeg\u00a0\u00bb _builder_version=\u00a0\u00bb4.9.4&Prime; _module_preset=\u00a0\u00bbdefault\u00a0\u00bb title_text=\u00a0\u00bb8323511f-dfb1-44c4-a1fb-933f097c68b9&Prime; hover_enabled=\u00a0\u00bb0&Prime; sticky_enabled=\u00a0\u00bb0&Prime;][\/et_pb_image][\/et_pb_column][et_pb_column _builder_version=\u00a0\u00bb4.9.4&Prime; _module_preset=\u00a0\u00bbdefault\u00a0\u00bb type=\u00a0\u00bb1_3&Prime;][et_pb_image src=\u00a0\u00bbhttps:\/\/www.zak-construct.be\/wp-content\/uploads\/2021\/07\/560d251d-e50a-405e-a369-9ab8fd54896a.jpeg\u00a0\u00bb _builder_version=\u00a0\u00bb4.9.4&Prime; _module_preset=\u00a0\u00bbdefault\u00a0\u00bb title_text=\u00a0\u00bb560d251d-e50a-405e-a369-9ab8fd54896a\u00a0\u00bb hover_enabled=\u00a0\u00bb0&Prime; sticky_enabled=\u00a0\u00bb0&Prime;][\/et_pb_image][\/et_pb_column][et_pb_column _builder_version=\u00a0\u00bb4.9.4&Prime; _module_preset=\u00a0\u00bbdefault\u00a0\u00bb type=\u00a0\u00bb1_3&Prime;][et_pb_image src=\u00a0\u00bbhttps:\/\/www.zak-construct.be\/wp-content\/uploads\/2021\/07\/b6923297-e17b-4c52-a986-87aa3ed30838.jpeg\u00a0\u00bb _builder_version=\u00a0\u00bb4.9.4&Prime; _module_preset=\u00a0\u00bbdefault\u00a0\u00bb title_text=\u00a0\u00bbb6923297-e17b-4c52-a986-87aa3ed30838&Prime; hover_enabled=\u00a0\u00bb0&Prime; sticky_enabled=\u00a0\u00bb0&Prime;][\/et_pb_image][\/et_pb_column][\/et_pb_row][et_pb_row _builder_version=\u00a0\u00bb4.9.4&Prime; _module_preset=\u00a0\u00bbdefault\u00a0\u00bb column_structure=\u00a0\u00bb1_3,1_3,1_3&Prime;][et_pb_column _builder_version=\u00a0\u00bb4.9.4&Prime; _module_preset=\u00a0\u00bbdefault\u00a0\u00bb type=\u00a0\u00bb1_3&Prime;][et_pb_image src=\u00a0\u00bbhttps:\/\/www.zak-construct.be\/wp-content\/uploads\/2021\/07\/6e597ba1-4525-4f5a-9bb2-063199d9a6b6.jpeg\u00a0\u00bb _builder_version=\u00a0\u00bb4.9.4&Prime; _module_preset=\u00a0\u00bbdefault\u00a0\u00bb title_text=\u00a0\u00bb6e597ba1-4525-4f5a-9bb2-063199d9a6b6&Prime; hover_enabled=\u00a0\u00bb0&Prime; sticky_enabled=\u00a0\u00bb0&Prime;][\/et_pb_image][\/et_pb_column][et_pb_column _builder_version=\u00a0\u00bb4.9.4&Prime; _module_preset=\u00a0\u00bbdefault\u00a0\u00bb type=\u00a0\u00bb1_3&Prime;][et_pb_image src=\u00a0\u00bbhttps:\/\/www.zak-construct.be\/wp-content\/uploads\/2021\/07\/88118572-4538-433b-ba9f-0093bc3da3ff.jpeg\u00a0\u00bb _builder_version=\u00a0\u00bb4.9.4&Prime; _module_preset=\u00a0\u00bbdefault\u00a0\u00bb title_text=\u00a0\u00bb88118572-4538-433b-ba9f-0093bc3da3ff\u00a0\u00bb hover_enabled=\u00a0\u00bb0&Prime; sticky_enabled=\u00a0\u00bb0&Prime;][\/et_pb_image][\/et_pb_column][et_pb_column _builder_version=\u00a0\u00bb4.9.4&Prime; _module_preset=\u00a0\u00bbdefault\u00a0\u00bb type=\u00a0\u00bb1_3&Prime;][\/et_pb_column][\/et_pb_row][\/et_pb_section]<\/p>","protected":false},"excerpt":{"rendered":"<p>D\u00e9molitionD\u00e9mant\u00e8lement et d\u00e9molition dans le cadre de nouveaux projets.<\/p>","protected":false},"author":1,"featured_media":0,"parent":0,"menu_order":0,"comment_status":"closed","ping_status":"closed","template":"","meta":{"_et_pb_use_builder":"on","_et_pb_old_content":"<!-- wp:divi\/placeholder \/-->","_et_gb_content_width":"","footnotes":""},"class_list":["post-325","page","type-page","status-publish","hentry"],"yoast_head":"<!-- This site is optimized with the Yoast SEO plugin v25.7 - https:\/\/yoast.com\/wordpress\/plugins\/seo\/ -->\n<title>D\u00e9molition - Zak Construct<\/title>\n<meta name=\"robots\" content=\"index, follow, max-snippet:-1, max-image-preview:large, max-video-preview:-1\" \/>\n<link rel=\"canonical\" href=\"https:\/\/www.zak-construct.be\/nl\/demolition\/\" \/>\n<meta property=\"og:locale\" content=\"nl_BE\" \/>\n<meta property=\"og:type\" content=\"article\" \/>\n<meta property=\"og:title\" content=\"D\u00e9molition - Zak Construct\" \/>\n<meta property=\"og:description\" content=\"D\u00e9molitionD\u00e9mant\u00e8lement et d\u00e9molition dans le cadre de nouveaux projets.\" \/>\n<meta property=\"og:url\" content=\"https:\/\/www.zak-construct.be\/nl\/demolition\/\" \/>\n<meta property=\"og:site_name\" content=\"Zak Construct\" \/>\n<meta property=\"article:modified_time\" content=\"2021-07-11T12:15:57+00:00\" \/>\n<meta name=\"twitter:card\" content=\"summary_large_image\" \/>\n<meta name=\"twitter:label1\" content=\"Geschatte leestijd\" \/>\n\t<meta name=\"twitter:data1\" content=\"2 minuten\" \/>\n<script type=\"application\/ld+json\" class=\"yoast-schema-graph\">{\"@context\":\"https:\/\/schema.org\",\"@graph\":[{\"@type\":\"WebPage\",\"@id\":\"https:\/\/www.zak-construct.be\/demolition\/\",\"url\":\"https:\/\/www.zak-construct.be\/demolition\/\",\"name\":\"D\u00e9molition - Zak Construct\",\"isPartOf\":{\"@id\":\"https:\/\/www.zak-construct.be\/#website\"},\"datePublished\":\"2021-07-11T12:08:46+00:00\",\"dateModified\":\"2021-07-11T12:15:57+00:00\",\"breadcrumb\":{\"@id\":\"https:\/\/www.zak-construct.be\/demolition\/#breadcrumb\"},\"inLanguage\":\"nl-BE\",\"potentialAction\":[{\"@type\":\"ReadAction\",\"target\":[\"https:\/\/www.zak-construct.be\/demolition\/\"]}]},{\"@type\":\"BreadcrumbList\",\"@id\":\"https:\/\/www.zak-construct.be\/demolition\/#breadcrumb\",\"itemListElement\":[{\"@type\":\"ListItem\",\"position\":1,\"name\":\"Accueil\",\"item\":\"https:\/\/www.zak-construct.be\/\"},{\"@type\":\"ListItem\",\"position\":2,\"name\":\"D\u00e9molition\"}]},{\"@type\":\"WebSite\",\"@id\":\"https:\/\/www.zak-construct.be\/#website\",\"url\":\"https:\/\/www.zak-construct.be\/\",\"name\":\"Zak Construct\",\"description\":\"\",\"potentialAction\":[{\"@type\":\"SearchAction\",\"target\":{\"@type\":\"EntryPoint\",\"urlTemplate\":\"https:\/\/www.zak-construct.be\/?s={search_term_string}\"},\"query-input\":{\"@type\":\"PropertyValueSpecification\",\"valueRequired\":true,\"valueName\":\"search_term_string\"}}],\"inLanguage\":\"nl-BE\"}]}<\/script>\n<!-- \/ Yoast SEO plugin. -->","yoast_head_json":{"title":"D\u00e9molition - Zak Construct","robots":{"index":"index","follow":"follow","max-snippet":"max-snippet:-1","max-image-preview":"max-image-preview:large","max-video-preview":"max-video-preview:-1"},"canonical":"https:\/\/www.zak-construct.be\/nl\/demolition\/","og_locale":"nl_BE","og_type":"article","og_title":"D\u00e9molition - Zak Construct","og_description":"D\u00e9molitionD\u00e9mant\u00e8lement et d\u00e9molition dans le cadre de nouveaux projets.","og_url":"https:\/\/www.zak-construct.be\/nl\/demolition\/","og_site_name":"Zak Construct","article_modified_time":"2021-07-11T12:15:57+00:00","twitter_card":"summary_large_image","twitter_misc":{"Geschatte leestijd":"2 minuten"},"schema":{"@context":"https:\/\/schema.org","@graph":[{"@type":"WebPage","@id":"https:\/\/www.zak-construct.be\/demolition\/","url":"https:\/\/www.zak-construct.be\/demolition\/","name":"D\u00e9molition - Zak Construct","isPartOf":{"@id":"https:\/\/www.zak-construct.be\/#website"},"datePublished":"2021-07-11T12:08:46+00:00","dateModified":"2021-07-11T12:15:57+00:00","breadcrumb":{"@id":"https:\/\/www.zak-construct.be\/demolition\/#breadcrumb"},"inLanguage":"nl-BE","potentialAction":[{"@type":"ReadAction","target":["https:\/\/www.zak-construct.be\/demolition\/"]}]},{"@type":"BreadcrumbList","@id":"https:\/\/www.zak-construct.be\/demolition\/#breadcrumb","itemListElement":[{"@type":"ListItem","position":1,"name":"Accueil","item":"https:\/\/www.zak-construct.be\/"},{"@type":"ListItem","position":2,"name":"D\u00e9molition"}]},{"@type":"WebSite","@id":"https:\/\/www.zak-construct.be\/#website","url":"https:\/\/www.zak-construct.be\/","name":"Zak Construct","description":"","potentialAction":[{"@type":"SearchAction","target":{"@type":"EntryPoint","urlTemplate":"https:\/\/www.zak-construct.be\/?s={search_term_string}"},"query-input":{"@type":"PropertyValueSpecification","valueRequired":true,"valueName":"search_term_string"}}],"inLanguage":"nl-BE"}]}},"_links":{"self":[{"href":"https:\/\/www.zak-construct.be\/nl\/wp-json\/wp\/v2\/pages\/325","targetHints":{"allow":["GET"]}}],"collection":[{"href":"https:\/\/www.zak-construct.be\/nl\/wp-json\/wp\/v2\/pages"}],"about":[{"href":"https:\/\/www.zak-construct.be\/nl\/wp-json\/wp\/v2\/types\/page"}],"author":[{"embeddable":true,"href":"https:\/\/www.zak-construct.be\/nl\/wp-json\/wp\/v2\/users\/1"}],"replies":[{"embeddable":true,"href":"https:\/\/www.zak-construct.be\/nl\/wp-json\/wp\/v2\/comments?post=325"}],"version-history":[{"count":0,"href":"https:\/\/www.zak-construct.be\/nl\/wp-json\/wp\/v2\/pages\/325\/revisions"}],"wp:attachment":[{"href":"https:\/\/www.zak-construct.be\/nl\/wp-json\/wp\/v2\/media?parent=325"}],"curies":[{"name":"wp","href":"https:\/\/api.w.org\/{rel}","templated":true}]}}